{"id":6,"date":"2026-03-31T05:29:18","date_gmt":"2026-03-31T02:29:18","guid":{"rendered":"https:\/\/lista-avocati.ro\/blog\/acasa-blog\/"},"modified":"2026-03-31T05:29:18","modified_gmt":"2026-03-31T02:29:18","slug":"acasa-blog","status":"publish","type":"page","link":"https:\/\/lista-avocati.ro\/blog\/","title":{"rendered":"Blog Lista Avocati"},"content":{"rendered":"<h1 class=\"wp-block-heading\">Blog Lista Avocati<\/h1><p>Articole juridice, explicatii practice si ghiduri actualizate pentru cei care cauta rapid informatii utile si suport profesionist.<\/p><div class=\"wp-block-buttons is-layout-flex wp-block-buttons-is-layout-flex\"><div class=\"wp-block-button\"><a class=\"wp-block-button__link wp-element-button\" href=\"https:\/\/lista-avocati.ro\/consultatii-juridice\/\">Solicita consultatie juridica<\/a><\/div><div class=\"wp-block-button\"><a class=\"wp-block-button__link wp-element-button\" href=\"https:\/\/lista-avocati.ro\/lista-avocati\/\">Vezi directorul de avocati<\/a><\/div><\/div><h2 class=\"wp-block-heading\">Articole recente<\/h2><ul class=\"wp-block-latest-posts__list has-dates wp-block-latest-posts\"><li><a class=\"wp-block-latest-posts__post-title\" href=\"https:\/\/lista-avocati.ro\/blog\/sanatate-ordin-nr-794-analiza-modificari-legislative-2026-03-30\/\">[S\u0102N\u0102TATE] ORDIN nr. 794<\/a><time datetime=\"2026-04-03T05:59:56+03:00\" class=\"wp-block-latest-posts__post-date\">3 aprilie 2026<\/time><div class=\"wp-block-latest-posts__post-excerpt\">Ordin 794\/2026 \u2014 Registrul Na\u021bional de Transplant CE S-A MODIFICAT Ordinul actualizeaz\u0103 lista persoanelor responsabile cu gestionarea datelor \u00een Registrul Na\u021bional de Transplant (RNT) din cadrul unit\u0103\u021bilor acreditate. Dou\u0103 modific\u0103ri &#8230; <a title=\"[S\u0102N\u0102TATE] ORDIN nr. 794\" class=\"read-more\" href=\"https:\/\/lista-avocati.ro\/blog\/sanatate-ordin-nr-794-analiza-modificari-legislative-2026-03-30\/\" aria-label=\"Cite\u0219te mai multe despre [S\u0102N\u0102TATE] ORDIN nr. 794\">Cite\u0219te mai mult<\/a><\/div><\/li>\n<li><a class=\"wp-block-latest-posts__post-title\" href=\"https:\/\/lista-avocati.ro\/blog\/munca-hotarare-nr-182-analiza-modificari-legislative-2026-03-30\/\">[MUNC\u0102] HOT\u0102R\u00c2RE nr. 182<\/a><time datetime=\"2026-04-03T05:59:56+03:00\" class=\"wp-block-latest-posts__post-date\">3 aprilie 2026<\/time><div class=\"wp-block-latest-posts__post-excerpt\">HG 182\/2026 \u2014 Fondul de Garantare pentru Crean\u021be Salariale: Ce s-a schimbat CE S-A MODIFICAT Normele metodologice de aplicare a Legii 200\/2006 au fost actualizate prin HG 182\/2026 (MO 246\/30.03.2026). &#8230; <a title=\"[MUNC\u0102] HOT\u0102R\u00c2RE nr. 182\" class=\"read-more\" href=\"https:\/\/lista-avocati.ro\/blog\/munca-hotarare-nr-182-analiza-modificari-legislative-2026-03-30\/\" aria-label=\"Cite\u0219te mai multe despre [MUNC\u0102] HOT\u0102R\u00c2RE nr. 182\">Cite\u0219te mai mult<\/a><\/div><\/li>\n<li><a class=\"wp-block-latest-posts__post-title\" href=\"https:\/\/lista-avocati.ro\/blog\/justitie-ordin-nr-105-analiza-modificari-legislative-2026-03-30\/\">[JUSTI\u021aIE] ORDIN nr. 105<\/a><time datetime=\"2026-04-03T05:59:55+03:00\" class=\"wp-block-latest-posts__post-date\">3 aprilie 2026<\/time><div class=\"wp-block-latest-posts__post-excerpt\">Ordin ANP nr. 105\/2026 \u2014 Reprofilarea Penitenciarelor Bucure\u0219ti-Jilava, Rahova \u0219i Giurgiu CE S-A MODIFICAT ANP a redistribuit categoriile de de\u021binu\u021bi \u00eentre trei unit\u0103\u021bi din zona Bucure\u0219ti-Ilfov-Sud: Jilava \u2192 devine exclusiv &#8230; <a title=\"[JUSTI\u021aIE] ORDIN nr. 105\" class=\"read-more\" href=\"https:\/\/lista-avocati.ro\/blog\/justitie-ordin-nr-105-analiza-modificari-legislative-2026-03-30\/\" aria-label=\"Cite\u0219te mai multe despre [JUSTI\u021aIE] ORDIN nr. 105\">Cite\u0219te mai mult<\/a><\/div><\/li>\n<li><a class=\"wp-block-latest-posts__post-title\" href=\"https:\/\/lista-avocati.ro\/blog\/fiscal-lege-nr-45-analiza-modificari-legislative-2026-03-30\/\">[FISCAL] LEGE nr. 45<\/a><time datetime=\"2026-04-03T05:59:54+03:00\" class=\"wp-block-latest-posts__post-date\">3 aprilie 2026<\/time><div class=\"wp-block-latest-posts__post-excerpt\">Legea 45\/2026 \u2014 Modificarea Legii Responsabilit\u0103\u021bii Fiscal-Bugetare nr. 69\/2010 CE S-A MODIFICAT 22 de modific\u0103ri la Legea 69\/2010, care transpune Directiva UE 2024\/1.265. Principalele schimb\u0103ri: Regula de deficit structural (art. &#8230; <a title=\"[FISCAL] LEGE nr. 45\" class=\"read-more\" href=\"https:\/\/lista-avocati.ro\/blog\/fiscal-lege-nr-45-analiza-modificari-legislative-2026-03-30\/\" aria-label=\"Cite\u0219te mai multe despre [FISCAL] LEGE nr. 45\">Cite\u0219te mai mult<\/a><\/div><\/li>\n<li><a class=\"wp-block-latest-posts__post-title\" href=\"https:\/\/lista-avocati.ro\/blog\/digital-decizie-nr-162-analiza-modificari-legislative-2026-03-30\/\">[DIGITAL] DECIZIE nr. 162<\/a><time datetime=\"2026-04-03T05:59:54+03:00\" class=\"wp-block-latest-posts__post-date\">3 aprilie 2026<\/time><div class=\"wp-block-latest-posts__post-excerpt\">Decizia ADR nr. 162\/2026 \u2014 Servicii de \u00cencredere eIDAS CE S-A MODIFICAT ADR a aprobat pe 30 martie 2026 procedurile oficiale pentru: Notificarea prestatorilor de servicii de \u00eencredere necalificate Acordarea &#8230; <a title=\"[DIGITAL] DECIZIE nr. 162\" class=\"read-more\" href=\"https:\/\/lista-avocati.ro\/blog\/digital-decizie-nr-162-analiza-modificari-legislative-2026-03-30\/\" aria-label=\"Cite\u0219te mai multe despre [DIGITAL] DECIZIE nr. 162\">Cite\u0219te mai mult<\/a><\/div><\/li>\n<li><a class=\"wp-block-latest-posts__post-title\" href=\"https:\/\/lista-avocati.ro\/blog\/aparare-ordonanta-de-urgenta-nr-21-analiza-modificari-legislative-2026-03-30\/\">[AP\u0102RARE] ORDONAN\u021a\u0102 DE URGEN\u021a\u0102 nr. 21<\/a><time datetime=\"2026-04-03T05:59:53+03:00\" class=\"wp-block-latest-posts__post-date\">3 aprilie 2026<\/time><div class=\"wp-block-latest-posts__post-excerpt\">OUG 21\/2026 \u2014 Instrumentul SAFE: Ce se schimb\u0103 concret CE S-A MODIFICAT OUG 62\/2025 (cadrul ini\u021bial SAFE) a fost restructurat\u0103 fundamental. Principalele schimb\u0103ri: cadrul institu\u021bional a fost complet redesenat \u2014 &#8230; <a title=\"[AP\u0102RARE] ORDONAN\u021a\u0102 DE URGEN\u021a\u0102 nr. 21\" class=\"read-more\" href=\"https:\/\/lista-avocati.ro\/blog\/aparare-ordonanta-de-urgenta-nr-21-analiza-modificari-legislative-2026-03-30\/\" aria-label=\"Cite\u0219te mai multe despre [AP\u0102RARE] ORDONAN\u021a\u0102 DE URGEN\u021a\u0102 nr. 21\">Cite\u0219te mai mult<\/a><\/div><\/li>\n<li><a class=\"wp-block-latest-posts__post-title\" href=\"https:\/\/lista-avocati.ro\/blog\/aparare-hotarare-nr-169-analiza-modificari-legislative-2026-03-30\/\">[AP\u0102RARE] HOT\u0102R\u00c2RE nr. 169<\/a><time datetime=\"2026-04-03T05:59:53+03:00\" class=\"wp-block-latest-posts__post-date\">3 aprilie 2026<\/time><div class=\"wp-block-latest-posts__post-excerpt\">HG 169\/2026 \u2014 Platforma APT-AV: Analiz\u0103 de Impact CE S-A MODIFICAT Guvernul a aprobat nota de fundamentare pentru proiectul \u201ePlatforma APT-AV&#8221; \u2014 un sistem na\u021bional de detec\u021bie \u0219i analiz\u0103 malware, &#8230; <a title=\"[AP\u0102RARE] HOT\u0102R\u00c2RE nr. 169\" class=\"read-more\" href=\"https:\/\/lista-avocati.ro\/blog\/aparare-hotarare-nr-169-analiza-modificari-legislative-2026-03-30\/\" aria-label=\"Cite\u0219te mai multe despre [AP\u0102RARE] HOT\u0102R\u00c2RE nr. 169\">Cite\u0219te mai mult<\/a><\/div><\/li>\n<li><a class=\"wp-block-latest-posts__post-title\" href=\"https:\/\/lista-avocati.ro\/blog\/agricultura-ordin-nr-98-analiza-modificari-legislative-2026-03-30\/\">[AGRICULTUR\u0102] ORDIN nr. 98<\/a><time datetime=\"2026-04-03T05:59:52+03:00\" class=\"wp-block-latest-posts__post-date\">3 aprilie 2026<\/time><div class=\"wp-block-latest-posts__post-excerpt\">ORDIN MADR nr. 98\/2026 \u2014 Ghid LPIS, Edi\u021bia a II-a CE S-A MODIFICAT MADR a aprobat o nou\u0103 edi\u021bie a Ghidului informativ LPIS (Sistemul de identificare a parcelelor agricole), \u00eenlocuind &#8230; <a title=\"[AGRICULTUR\u0102] ORDIN nr. 98\" class=\"read-more\" href=\"https:\/\/lista-avocati.ro\/blog\/agricultura-ordin-nr-98-analiza-modificari-legislative-2026-03-30\/\" aria-label=\"Cite\u0219te mai multe despre [AGRICULTUR\u0102] ORDIN nr. 98\">Cite\u0219te mai mult<\/a><\/div><\/li>\n<li><a class=\"wp-block-latest-posts__post-title\" href=\"https:\/\/lista-avocati.ro\/blog\/admin-decizia-nr-29-analiza-modificari-legislative-2026-03-30\/\">[ADMIN] DECIZIA nr. 29<\/a><time datetime=\"2026-04-03T05:59:51+03:00\" class=\"wp-block-latest-posts__post-date\">3 aprilie 2026<\/time><div class=\"wp-block-latest-posts__post-excerpt\">Decizia \u00ceCCJ nr. 29\/2026 \u2014 Impact Practic CE S-A MODIFICAT \u00ceCCJ a interpretat obligatoriu art. 369-370, 382 \u0219i 406-407 din Codul Administrativ (OUG 57\/2019): unit\u0103\u021bile militare sunt institu\u021bii publice cu &#8230; <a title=\"[ADMIN] DECIZIA nr. 29\" class=\"read-more\" href=\"https:\/\/lista-avocati.ro\/blog\/admin-decizia-nr-29-analiza-modificari-legislative-2026-03-30\/\" aria-label=\"Cite\u0219te mai multe despre [ADMIN] DECIZIA nr. 29\">Cite\u0219te mai mult<\/a><\/div><\/li>\n<li><a class=\"wp-block-latest-posts__post-title\" href=\"https:\/\/lista-avocati.ro\/blog\/reforma-istorica-japonia-custodie-comuna-dupa-divort\/\">Reform\u0103 istoric\u0103 \u00een Japonia: Custodia comun\u0103 dup\u0103 divor\u021b<\/a><time datetime=\"2026-04-02T12:31:06+03:00\" class=\"wp-block-latest-posts__post-date\">2 aprilie 2026<\/time><div class=\"wp-block-latest-posts__post-excerpt\">Afl\u0103 despre schimb\u0103rile semnificative \u00een legisla\u021bia privind custodia copiilor dup\u0103 divor\u021b \u00een Japonia, o reform\u0103 istoric\u0103 \u00een domeniul dreptului familiei.<\/div><\/li>\n<\/ul>","protected":false},"excerpt":{"rendered":"<p>Blog Lista Avocati Articole juridice, explicatii practice si ghiduri actualizate pentru cei care cauta rapid informatii utile si suport profesionist. Articole recente<\/p>\n","protected":false},"author":0,"featured_media":0,"parent":0,"menu_order":0,"comment_status":"closed","ping_status":"closed","template":"","meta":{"footnotes":""},"class_list":["post-6","page","type-page","status-publish"],"_links":{"self":[{"href":"https:\/\/lista-avocati.ro\/blog\/wp-json\/wp\/v2\/pages\/6","targetHints":{"allow":["GET"]}}],"collection":[{"href":"https:\/\/lista-avocati.ro\/blog\/wp-json\/wp\/v2\/pages"}],"about":[{"href":"https:\/\/lista-avocati.ro\/blog\/wp-json\/wp\/v2\/types\/page"}],"replies":[{"embeddable":true,"href":"https:\/\/lista-avocati.ro\/blog\/wp-json\/wp\/v2\/comments?post=6"}],"version-history":[{"count":0,"href":"https:\/\/lista-avocati.ro\/blog\/wp-json\/wp\/v2\/pages\/6\/revisions"}],"wp:attachment":[{"href":"https:\/\/lista-avocati.ro\/blog\/wp-json\/wp\/v2\/media?parent=6"}],"curies":[{"name":"wp","href":"https:\/\/api.w.org\/{rel}","templated":true}]}}